{"id":106,"date":"2023-07-24T03:31:30","date_gmt":"2023-07-23T20:31:30","guid":{"rendered":"https:\/\/dombistro.com\/?page_id=106"},"modified":"2024-06-10T04:02:43","modified_gmt":"2024-06-10T04:02:43","slug":"home","status":"publish","type":"page","link":"https:\/\/dombistro.com\/vi\/","title":{"rendered":"Trang ch\u1ee7"},"content":{"rendered":"\n<p>Xin ch\u00e0o t\u00f4i l\u00e0 Vi\u1ec7t Nam<\/p>\n","protected":false},"excerpt":{"rendered":"<p>Xin ch\u00e0o t\u00f4i l\u00e0 Vi\u1ec7t Nam<\/p>\n","protected":false},"author":1,"featured_media":0,"parent":0,"menu_order":0,"comment_status":"closed","ping_status":"closed","template":"","meta":{"inline_featured_image":false,"footnotes":""},"acf":[],"_links":{"self":[{"href":"https:\/\/dombistro.com\/vi\/wp-json\/wp\/v2\/pages\/106"}],"collection":[{"href":"https:\/\/dombistro.com\/vi\/wp-json\/wp\/v2\/pages"}],"about":[{"href":"https:\/\/dombistro.com\/vi\/wp-json\/wp\/v2\/types\/page"}],"author":[{"embeddable":true,"href":"https:\/\/dombistro.com\/vi\/wp-json\/wp\/v2\/users\/1"}],"replies":[{"embeddable":true,"href":"https:\/\/dombistro.com\/vi\/wp-json\/wp\/v2\/comments?post=106"}],"version-history":[{"count":14,"href":"https:\/\/dombistro.com\/vi\/wp-json\/wp\/v2\/pages\/106\/revisions"}],"predecessor-version":[{"id":504,"href":"https:\/\/dombistro.com\/vi\/wp-json\/wp\/v2\/pages\/106\/revisions\/504"}],"wp:attachment":[{"href":"https:\/\/dombistro.com\/vi\/wp-json\/wp\/v2\/media?parent=106"}],"curies":[{"name":"wp","href":"https:\/\/api.w.org\/{rel}","templated":true}]}}